{"id":708,"date":"2007-07-13T22:42:09","date_gmt":"2007-07-13T20:42:09","guid":{"rendered":"http:\/\/www.nsonic.de\/blog\/software\/gpsonic\/"},"modified":"2011-06-28T07:33:45","modified_gmt":"2011-06-28T05:33:45","slug":"gpsonic","status":"publish","type":"page","link":"https:\/\/www.nsonic.de\/blog\/software\/gpsonic\/","title":{"rendered":"GPSonic"},"content":{"rendered":"<p>Mit nSonic GPSonic k\u00f6nnen GPS-Logfiles visualisiert werden.<br \/>\nIn zwei Ansichten wird ein Profil (H\u00f6he, Geschwindigkeit, &#8230;) und die gefahrene Route angezeigt. Ein Profil kann ebenfalls benutzt werden, um die Route farblich zu markieren (z.B. rot wo man langsam gefahren ist, gr\u00fcn wo man schnell gefahren ist).<\/p>\n<p>Der Clou ist jedoch, dass man eine Karte (Stra\u00dfenkarte, TOP50, etc.) als Bitmap laden kann. Die Route wird \u00fcber der Bitmap angezeigt. Mit der Maus kann man die Route schnell anhand von markanten Wegpunkten kalibrieren und das Ergebnis wieder speichern.<\/p>\n<div class=\"img_shadow_left\"><img src='https:\/\/www.nsonic.de\/blog\/wp-content\/uploads\/2007\/07\/gpsonic_main1.jpg' alt='GPSonic Main' \/><\/div>\n<p>In diesem Screenshot ist oben das Profil zu sehen (in diesem Fall werden die H\u00f6hen-Daten angezeigt)<br \/>\nUnten ist ein St\u00fcck der Route zu sehen (die helle, bunte Linie) wie sie \u00fcber einer Karte eingeblendet wird. Die Karte wurde hier abgedunkelt (ist vom Benutzer einstellbar) damit die Route besser zu sehen ist.<\/p>\n<p><u2>Danksagung:<\/u2><br \/>\nZu diesem Projekt wurde ich durch das GPSData-Programm von Peter Kirst inspiriert. Ich wollte einfach nur mal sehen, wie man ein GPS-Log lesen und auswerten kann&#8230; nunja&#8230; es ist dann doch etwas aufwendiger geworden <span class=\"wp-smiley emoji emoji-smile\" title=\":)\">smile<\/span> <\/p>\n<p>Ich m\u00f6chte mich bei den vielen Usern der Community von Pocketnavigation.de bedanken, die mir mit vielen guten Infos sehr geholfen haben (nicht nur bei diesem Projekt). Dieses Programm soll ein kleines Dankesch\u00f6n f\u00fcr das Navigationsforum sein.<\/p>\n<p><u1>Download<\/u1><br \/>\n[download]https:\/\/www.nsonic.de\/blog;\/download\/gpsonic\/gpsonic.zip;GPSonic V1.0.8.0 Beta;[\/download]<br \/>\n[download]https:\/\/www.nsonic.de\/blog;\/download\/gpsonic\/GPSonic_Anleitung.pdf;Aktuelle Anleitung (deutsch);[\/download]<br \/>\n[download]https:\/\/www.nsonic.de\/blog;\/download\/gpsonic\/francais.zip;french translation for JPGCompressor by Gilbert SAMBUC;[\/download]<\/p>\n<p><u2>&#8220;Wie kann ich mich bedanken?&#8221;<\/u2><br \/>\nDie Software wird zwar als Freeware verteilt, das bedeutet aber nicht, dass ich bei der Realisierung keine Arbeit gehabt h\u00e4tte <span class=\"wp-smiley emoji emoji-smile\" title=\":)\">smile<\/span> <br \/>\nWenn Dir das Programm also gef\u00e4llt und Du es regelm\u00e4\u00dfig benutzt, dann freue ich mich, wenn Du mir z.B. meine n\u00e4chste Tasse Tee oder ein St\u00fcck Kuchen bezahlst. Du bestimmst wie viel Du mir spenden m\u00f6chtest &#8211; dr\u00fcck einfach diesen Knopf: <!--donate--><br \/>\n<u2>Sprachen \/ Languages<\/u2><br \/>\nSince Version 1.0.8.0 GPSonic is translatable. Translations are available (and included) for german, english, spain and netherlands. Thanks to John for the translations! <\/p>\n<p><strong>Die aktuelle Anleitung ist bisher nur in deutscher Sprache erh\u00e4ltlich. Ich freue mich, wenn jemand die Anleitung in andere Sprachen \u00fcbersetzen kann. Bitte lasst es mich wissen und schickt mir die \u00fcbersetzten PDF-Dateien. Vielen Dank<\/strong><\/p>\n<p><u2>Nutzungsbedingungen<\/u2><br \/>\n<em>Die Software wird ausgeliefert &#8220;wie sie ist&#8221;. Nat\u00fcrlich wurde gepr\u00fcft, ob die Software funktioniert &#8211; aber nat\u00fcrlich konnte dies nicht f\u00fcr alle m\u00f6glichen Rechner- und Installationskonfigurationen erfolgen. Ich \u00fcbernehme keine Garantie daf\u00fcr, dass die Software auf jedem System einwandfrei funktioniert. Auch \u00fcbernehme ich keine Verantwortung f\u00fcr eventuelle Sch\u00e4den die auf dem System passieren m\u00f6gen.<br \/>\n<\/em><\/p>\n<p><u2>Systemanforderungen<\/u2><br \/>\nWindows 2000\/XP (nicht getestet unter Win95\/98\/ME)<br \/>\nHighColor oder TrueColor empfohlen!<br \/>\n1024&#215;786 empfohlen<\/p>\n<p><u2>Installation<\/u2><br \/>\nZIP-File runterladen, auspacken, GPSonic.exe starten.<\/p>\n<p><u1>Change-Log<\/u1><br \/>\nDiese Informationen befinden sich noch auf der <a href=\"http:\/\/nsonic-net.de\/index.php?option=com_content&#038;task=view&#038;id=273&#038;Itemid=56\">fr\u00fcheren Homepage<\/a>.<\/p>\n","protected":false},"excerpt":{"rendered":"<p>Mit nSonic GPSonic k\u00f6nnen GPS-Logfiles visualisiert werden. In zwei Ansichten wird ein Profil (H\u00f6he, Geschwindigkeit, &#8230;) und die gefahrene Route angezeigt. Ein Profil&hellip;<\/p>\n","protected":false},"author":2,"featured_media":0,"parent":436,"menu_order":0,"comment_status":"open","ping_status":"open","template":"","meta":{"spay_email":""},"jetpack_shortlink":"https:\/\/wp.me\/P71Tml-bq","_links":{"self":[{"href":"https:\/\/www.nsonic.de\/blog\/wp-json\/wp\/v2\/pages\/708"}],"collection":[{"href":"https:\/\/www.nsonic.de\/blog\/wp-json\/wp\/v2\/pages"}],"about":[{"href":"https:\/\/www.nsonic.de\/blog\/wp-json\/wp\/v2\/types\/page"}],"author":[{"embeddable":true,"href":"https:\/\/www.nsonic.de\/blog\/wp-json\/wp\/v2\/users\/2"}],"replies":[{"embeddable":true,"href":"https:\/\/www.nsonic.de\/blog\/wp-json\/wp\/v2\/comments?post=708"}],"version-history":[{"count":1,"href":"https:\/\/www.nsonic.de\/blog\/wp-json\/wp\/v2\/pages\/708\/revisions"}],"predecessor-version":[{"id":2794,"href":"https:\/\/www.nsonic.de\/blog\/wp-json\/wp\/v2\/pages\/708\/revisions\/2794"}],"up":[{"embeddable":true,"href":"https:\/\/www.nsonic.de\/blog\/wp-json\/wp\/v2\/pages\/436"}],"wp:attachment":[{"href":"https:\/\/www.nsonic.de\/blog\/wp-json\/wp\/v2\/media?parent=708"}],"curies":[{"name":"wp","href":"https:\/\/api.w.org\/{rel}","templated":true}]}}