{"id":6147,"date":"2017-04-08T12:18:35","date_gmt":"2017-04-08T10:18:35","guid":{"rendered":"https:\/\/www.nsonic.de\/blog\/?page_id=6147"},"modified":"2017-04-12T19:26:43","modified_gmt":"2017-04-12T17:26:43","slug":"neues","status":"publish","type":"page","link":"https:\/\/www.nsonic.de\/blog\/neues\/","title":{"rendered":"Neueste Beitr\u00e4ge"},"content":{"rendered":"<div class=\"wide-content\"><div class=\"lptw-container\" id=\"lptw-grid-61650\"><article class=\"grid-layout lptw-grid-element grid-element-dark\" style=\"margin-bottom: 10px; height: 500px; min-height: 400px; width: 32.33%; \">\n<header>\n<div class=\"lptw-post-grid-link\"><a href=\"https:\/\/www.nsonic.de\/blog\/2025\/12\/n26-betruegerische-abbuchung-reklamiert-ersatz-erhalten\/\"><img src=\"https:\/\/www.nsonic.de\/blog\/wp-content\/uploads\/2025\/12\/fraud-transaction-refunded-1000x667.png\" alt=\"N26 &#8211; Betr\u00fcgerische Abbuchung reklamiert &#8211; Ersatz erhalten?\" \/><\/a>\n<\/div><div class=\"lptw-post-header\"><a class=\"lptw-post-title title-dark\" href=\"https:\/\/www.nsonic.de\/blog\/2025\/12\/n26-betruegerische-abbuchung-reklamiert-ersatz-erhalten\/\" target=\"_self\">N26 &#8211; Betr\u00fcgerische Abbuchung reklamiert &#8211; Ersatz erhalten?<\/a><span class=\"lptw-post-subtitle subtitle-dark\">N26, Bank, Betrug<\/span>\n<\/div>\n<\/header><section>\n<div class=\"post-excerpt content-dark\"><div>Die ganze Story habe ich hier bereits geschildert. Die Frage die einige vielleicht haben: Habe ich denn die 40,80 \u20ac zur\u00fcck bekommen? Und&hellip;<\/div>\n<\/div>\n<\/section><\/article>\n<article class=\"grid-layout lptw-grid-element grid-element-dark\" style=\"margin-bottom: 10px; height: 500px; min-height: 400px; width: 32.33%; \">\n<header>\n<div class=\"lptw-post-grid-link\"><a href=\"https:\/\/www.nsonic.de\/blog\/2025\/12\/n26-betruegerische-abbuchung-reklamieren-vorsicht-kartensperrung\/\"><img src=\"https:\/\/www.nsonic.de\/blog\/wp-content\/uploads\/2025\/12\/fraud-transaction-1000x667.png\" alt=\"N26 &#8211; Betr\u00fcgerische Abbuchung reklamieren &#8211; VORSICHT Kartensperrung\" \/><\/a>\n<\/div><div class=\"lptw-post-header\"><a class=\"lptw-post-title title-dark\" href=\"https:\/\/www.nsonic.de\/blog\/2025\/12\/n26-betruegerische-abbuchung-reklamieren-vorsicht-kartensperrung\/\" target=\"_self\">N26 &#8211; Betr\u00fcgerische Abbuchung reklamieren &#8211; VORSICHT Kartensperrung<\/a>\n<\/div>\n<\/header><section>\n<div class=\"post-excerpt content-dark\"><div>Jetzt war es auch mir passiert: Jemand hatte mit meiner DebitCard Geld ausgegeben und ich war den Prozess durchgegangen um diese Zahlung zu&hellip;<\/div>\n<\/div>\n<\/section><\/article>\n<article class=\"grid-layout lptw-grid-element grid-element-dark\" style=\"margin-bottom: 10px; height: 500px; min-height: 400px; width: 32.33%; \">\n<header>\n<div class=\"lptw-post-grid-link\"><a href=\"https:\/\/www.nsonic.de\/blog\/2025\/10\/neuer-zauberstab-esge-p200\/\"><img src=\"https:\/\/www.nsonic.de\/blog\/wp-content\/uploads\/2025\/10\/IMG_9583_scaled-1000x750.jpg\" alt=\"Neuer Zauberstab &#8211; ESGE P200\" \/><\/a>\n<\/div><div class=\"lptw-post-header\"><a class=\"lptw-post-title title-dark\" href=\"https:\/\/www.nsonic.de\/blog\/2025\/10\/neuer-zauberstab-esge-p200\/\" target=\"_self\">Neuer Zauberstab &#8211; ESGE P200<\/a>\n<\/div>\n<\/header><section>\n<div class=\"post-excerpt content-dark\"><div>Etwa 12 Jahre ist es her. Damals, 2013, holte ich mir den ESGE M180 in der Schubeck-Edition. Nun haben 2025 und der Motor&hellip;<\/div>\n<\/div>\n<\/section><\/article>\n<article class=\"grid-layout lptw-grid-element grid-element-dark\" style=\"margin-bottom: 10px; height: 500px; min-height: 400px; width: 32.33%; \">\n<header>\n<div class=\"lptw-post-grid-link\"><a href=\"https:\/\/www.nsonic.de\/blog\/2024\/10\/apple-kann-kein-netzwerk\/\"><img src=\"https:\/\/www.nsonic.de\/blog\/wp-content\/uploads\/2024\/10\/computer-server-1000x571.jpg\" alt=\"Apple kann kein Netzwerk\" \/><\/a>\n<\/div><div class=\"lptw-post-header\"><a class=\"lptw-post-title title-dark\" href=\"https:\/\/www.nsonic.de\/blog\/2024\/10\/apple-kann-kein-netzwerk\/\" target=\"_self\">Apple kann kein Netzwerk<\/a>\n<\/div>\n<\/header><section>\n<div class=\"post-excerpt content-dark\"><div>Steile These, ich wei\u00df. Ich pr\u00e4zisiere: Ich behaupte auf Basis meiner langj\u00e4hrigen Erfahrungen, dass Apple kein Netzwerk kann. Im Folgenden werde ich beschreiben&hellip;<\/div>\n<\/div>\n<\/section><\/article>\n<article class=\"grid-layout lptw-grid-element grid-element-dark\" style=\"margin-bottom: 10px; height: 500px; min-height: 400px; width: 32.33%; \">\n<header>\n<div class=\"lptw-post-grid-link\"><a href=\"https:\/\/www.nsonic.de\/blog\/2024\/10\/gehoerschutz\/\"><img src=\"https:\/\/www.nsonic.de\/blog\/wp-content\/uploads\/2024\/10\/berlin-ear-guard-review-4_scaled-1000x667.jpg\" alt=\"Geh\u00f6rschutz \u2013 Bitte sch\u00fctzt Euer Geh\u00f6r\" \/><\/a>\n<\/div><div class=\"lptw-post-header\"><a class=\"lptw-post-title title-dark\" href=\"https:\/\/www.nsonic.de\/blog\/2024\/10\/gehoerschutz\/\" target=\"_self\">Geh\u00f6rschutz \u2013 Bitte sch\u00fctzt Euer Geh\u00f6r<\/a>\n<\/div>\n<\/header><section>\n<div class=\"post-excerpt content-dark\"><div>Transparenz: Werbung Dieser Beitrag wurde unterst\u00fctzt von Berlin Ear Guard und ist somit als Werbung markiert. Verschiedene Produkte wurden mir zur Verf\u00fcgung gestellt,&hellip;<\/div>\n<\/div>\n<\/section><\/article>\n<article class=\"grid-layout lptw-grid-element grid-element-dark\" style=\"margin-bottom: 10px; height: 500px; min-height: 400px; width: 32.33%; \">\n<header>\n<div class=\"lptw-post-grid-link\"><a href=\"https:\/\/www.nsonic.de\/blog\/2024\/08\/familie-organisieren-einfaches-kanban-board\/\"><img src=\"https:\/\/www.nsonic.de\/blog\/wp-content\/uploads\/2024\/08\/papier-dokumente-chaos-1000x571.jpg\" alt=\"Familie organisieren \u2013 Einfaches Kanban-Board\" \/><\/a>\n<\/div><div class=\"lptw-post-header\"><a class=\"lptw-post-title title-dark\" href=\"https:\/\/www.nsonic.de\/blog\/2024\/08\/familie-organisieren-einfaches-kanban-board\/\" target=\"_self\">Familie organisieren \u2013 Einfaches Kanban-Board<\/a>\n<\/div>\n<\/header><section>\n<div class=\"post-excerpt content-dark\"><div>Es gibt einiges in der Familie zu organisieren: Einzelne Aufgaben m\u00fcssen aufgeschrieben und einzelnen Personen zugeteilt werden. Der Status der Aufgabe muss anpassbar&hellip;<\/div>\n<\/div>\n<\/section><\/article>\n<article class=\"grid-layout lptw-grid-element grid-element-dark\" style=\"margin-bottom: 10px; height: 500px; min-height: 400px; width: 32.33%; \">\n<header>\n<div class=\"lptw-post-grid-link\"><a href=\"https:\/\/www.nsonic.de\/blog\/2024\/03\/sevdesk-steuererklaerung\/\"><img src=\"https:\/\/www.nsonic.de\/blog\/wp-content\/uploads\/2024\/03\/sevdesk-titel-1000x563.jpeg\" alt=\"SevDesk \u2013 Steuererkl\u00e4rung selber machen\" \/><\/a>\n<\/div><div class=\"lptw-post-header\"><a class=\"lptw-post-title title-dark\" href=\"https:\/\/www.nsonic.de\/blog\/2024\/03\/sevdesk-steuererklaerung\/\" target=\"_self\">SevDesk \u2013 Steuererkl\u00e4rung selber machen<\/a>\n<\/div>\n<\/header><section>\n<div class=\"post-excerpt content-dark\"><div>Im Beitrag zu WISO Steuer und WISO E\u00dcR und zu LexOffice berichtete ich, dass und warum ich auf der Suche nach einer L\u00f6sung&hellip;<\/div>\n<\/div>\n<\/section><\/article>\n<article class=\"grid-layout lptw-grid-element grid-element-dark\" style=\"margin-bottom: 10px; height: 500px; min-height: 400px; width: 32.33%; \">\n<header>\n<div class=\"lptw-post-grid-link\"><a href=\"https:\/\/www.nsonic.de\/blog\/2024\/03\/lexoffice-steuererklaerung\/\"><img src=\"https:\/\/www.nsonic.de\/blog\/wp-content\/uploads\/2024\/03\/lexoffice-titel-1000x563.jpeg\" alt=\"LexOffice \u2013 Steuererkl\u00e4rung selber machen\" \/><\/a>\n<\/div><div class=\"lptw-post-header\"><a class=\"lptw-post-title title-dark\" href=\"https:\/\/www.nsonic.de\/blog\/2024\/03\/lexoffice-steuererklaerung\/\" target=\"_self\">LexOffice \u2013 Steuererkl\u00e4rung selber machen<\/a>\n<\/div>\n<\/header><section>\n<div class=\"post-excerpt content-dark\"><div>Im Beitrag zu WISO Steuer und WISO E\u00dcR berichtete ich, dass und warum ich auf der Suche nach einer L\u00f6sung bin um meine&hellip;<\/div>\n<\/div>\n<\/section><\/article>\n<article class=\"grid-layout lptw-grid-element grid-element-dark\" style=\"margin-bottom: 10px; height: 500px; min-height: 400px; width: 32.33%; \">\n<header>\n<div class=\"lptw-post-grid-link\"><a href=\"https:\/\/www.nsonic.de\/blog\/2024\/03\/wiso-steuer-steuererklaerung\/\"><img src=\"https:\/\/www.nsonic.de\/blog\/wp-content\/uploads\/2024\/03\/wiso-steuer-wiso-eur-titel-1000x563.jpeg\" alt=\"WISO Steuer, WISO E\u00dcR \u2013 Steuererkl\u00e4rung selber machen\" \/><\/a>\n<\/div><div class=\"lptw-post-header\"><a class=\"lptw-post-title title-dark\" href=\"https:\/\/www.nsonic.de\/blog\/2024\/03\/wiso-steuer-steuererklaerung\/\" target=\"_self\">WISO Steuer, WISO E\u00dcR \u2013 Steuererkl\u00e4rung selber machen<\/a>\n<\/div>\n<\/header><section>\n<div class=\"post-excerpt content-dark\"><div>Ich bin auf der Suche, probiere aus und wei\u00df noch nicht, ob ich meinen Weg \u00e4ndern m\u00f6chte \u2013 und wenn ja: Wie? Es&hellip;<\/div>\n<\/div>\n<\/section><\/article>\n<article class=\"grid-layout lptw-grid-element grid-element-dark\" style=\"margin-bottom: 10px; height: 500px; min-height: 400px; width: 32.33%; \">\n<header>\n<div class=\"lptw-post-grid-link\"><a href=\"https:\/\/www.nsonic.de\/blog\/2023\/12\/streaming-dienste-immer-teurer-aber-nicht-besser\/\"><img src=\"https:\/\/www.nsonic.de\/blog\/wp-content\/uploads\/2023\/12\/tv-mit-brennendem-geld-topaz-1000x650.jpg\" alt=\"Streaming-Dienste immer teurer aber nicht besser\" \/><\/a>\n<\/div><div class=\"lptw-post-header\"><a class=\"lptw-post-title title-dark\" href=\"https:\/\/www.nsonic.de\/blog\/2023\/12\/streaming-dienste-immer-teurer-aber-nicht-besser\/\" target=\"_self\">Streaming-Dienste immer teurer aber nicht besser<\/a>\n<\/div>\n<\/header><section>\n<div class=\"post-excerpt content-dark\"><div>Mir reicht es langsam! Was glauben die Unternehmen eigentlich, was wir in der Lage oder Willens sind zu bezahlen? Und was glauben sie,&hellip;<\/div>\n<\/div>\n<\/section><\/article>\n<article class=\"grid-layout lptw-grid-element grid-element-dark\" style=\"margin-bottom: 10px; height: 500px; min-height: 400px; width: 32.33%; \">\n<header>\n<div class=\"lptw-post-grid-link\"><a href=\"https:\/\/www.nsonic.de\/blog\/2023\/11\/paulmann-urail-e27-spot-asthene\/\"><img src=\"https:\/\/www.nsonic.de\/blog\/wp-content\/uploads\/2023\/11\/urail_spot_cover_vs_asthene_5845-1000x750.jpg\" alt=\"Paulmann URail \u2013 E27 Spot Asthene\" \/><\/a>\n<\/div><div class=\"lptw-post-header\"><a class=\"lptw-post-title title-dark\" href=\"https:\/\/www.nsonic.de\/blog\/2023\/11\/paulmann-urail-e27-spot-asthene\/\" target=\"_self\">Paulmann URail \u2013 E27 Spot Asthene<\/a>\n<\/div>\n<\/header><section>\n<div class=\"post-excerpt content-dark\"><div>Ich schrieb ja schon zum Thema Schienensysteme, dass ich erstaunt und frustriert dar\u00fcber bin, wie wenig Test- und vor allem Erfahrungsberichte im Internet&hellip;<\/div>\n<\/div>\n<\/section><\/article>\n<article class=\"grid-layout lptw-grid-element grid-element-dark\" style=\"margin-bottom: 10px; height: 500px; min-height: 400px; width: 32.33%; \">\n<header>\n<div class=\"lptw-post-grid-link\"><a href=\"https:\/\/www.nsonic.de\/blog\/2023\/10\/licht-schienensystem-3-phasen-1-phase\/\"><img src=\"https:\/\/www.nsonic.de\/blog\/wp-content\/uploads\/2023\/10\/paulmann-schienensystem-urail-prorail-1000x659.jpg\" alt=\"Licht Schienensystem 3-Phasen, 1-Phase\" \/><\/a>\n<\/div><div class=\"lptw-post-header\"><a class=\"lptw-post-title title-dark\" href=\"https:\/\/www.nsonic.de\/blog\/2023\/10\/licht-schienensystem-3-phasen-1-phase\/\" target=\"_self\">Licht Schienensystem 3-Phasen, 1-Phase<\/a>\n<\/div>\n<\/header><section>\n<div class=\"post-excerpt content-dark\"><div>Meinen Frust dar\u00fcber, dass ich so gut wie keine Informationen \u00fcber dieses Thema im Internet finden konnte, habe ich schon an anderer Stelle&hellip;<\/div>\n<\/div>\n<\/section><\/article>\n<\/div><script>\r\n                            jQuery(window).on(\"load\", function() {\r\n                              var $ = jQuery;\r\n                              $(\".overlay\").css(\"display\", \"block\");\r\n                              var $container = $(\"#lptw-grid-61650\");\r\n                              var fluid_images = true;\r\n                              var countedColumnWidth;\r\n\r\n                              \/\/ initialize\r\n                              $container.masonry({\r\n                                  itemSelector: \".lptw-grid-element\",     columnWidth: function(containerWidth) {\r\n                                        if (containerWidth < 641) {\r\n                                            $(\".lptw-grid-element\").css(\"width\", \"100%\");\r\n                                            countedColumnWidth = containerWidth - 1;\r\n                                        } else if (containerWidth > 640) {\r\n                                            $(\".lptw-grid-element\").css(\"width\", \"32.33%\");\r\n                                            $(\".lptw-featured\").css(\"width\", \"65.67%\");\r\n                                            if (fluid_images === true) {\r\n                                        \t    countedColumnWidth = (containerWidth \/ 3) - 1\r\n                                            } else {\r\n                                        \t    countedColumnWidth = 300 - 1\r\n                                            }\r\n                                        }\r\n                                        return countedColumnWidth;\r\n                                  }     });\r\n\r\n                                $(window).resize(function() {\r\n                                \tvar $container = $(\"#grid-container\");\r\n                                \tvar viewport = $(window).width();\r\n                                    var fluid_images = true;\r\n\r\n                                \tif (viewport < 641) {\r\n                                        $(\".lptw-grid-element\").css(\"width\", \"100%\");\r\n                                        $(\".lptw-grid-element\").css(\"height\", \"auto\");\r\n                                \t\t$container.masonry(\"option\", {\r\n                                \t\t\tcolumnWidth: viewport - 1\r\n                                \t\t});\r\n                                \t} else if (viewport > 640) {\r\n                                        var containerWidth = $container.width();\r\n                                        $(\".lptw-grid-element\").css(\"width\", \"32.33%\");\r\n                                        $(\".lptw-featured\").css(\"width\", \"65.67%\");\r\n\r\n                                        if (fluid_images === true) {\r\n                                    \t\t$container.masonry(\"option\", {\r\n                                    \t\t\tcolumnWidth: (containerWidth \/ 3) - 1\r\n                                    \t\t});\r\n                                        } else {\r\n                                            $(\".lptw-featured\").css(\"height\", \"500\");\r\n                                    \t\t$container.masonry(\"option\", {\r\n                                    \t\t\tcolumnWidth: 300 - 1\r\n                                    \t\t});\r\n                                        }\r\n                                    }\r\n                                });\r\n\r\n                            });\r\n\r\n                        <\/script><\/div>\n","protected":false},"excerpt":{"rendered":"","protected":false},"author":2,"featured_media":0,"parent":0,"menu_order":0,"comment_status":"closed","ping_status":"closed","template":"page-templates\/full-width.php","meta":{"spay_email":""},"jetpack_shortlink":"https:\/\/wp.me\/P71Tml-1B9","_links":{"self":[{"href":"https:\/\/www.nsonic.de\/blog\/wp-json\/wp\/v2\/pages\/6147"}],"collection":[{"href":"https:\/\/www.nsonic.de\/blog\/wp-json\/wp\/v2\/pages"}],"about":[{"href":"https:\/\/www.nsonic.de\/blog\/wp-json\/wp\/v2\/types\/page"}],"author":[{"embeddable":true,"href":"https:\/\/www.nsonic.de\/blog\/wp-json\/wp\/v2\/users\/2"}],"replies":[{"embeddable":true,"href":"https:\/\/www.nsonic.de\/blog\/wp-json\/wp\/v2\/comments?post=6147"}],"version-history":[{"count":61,"href":"https:\/\/www.nsonic.de\/blog\/wp-json\/wp\/v2\/pages\/6147\/revisions"}],"predecessor-version":[{"id":6243,"href":"https:\/\/www.nsonic.de\/blog\/wp-json\/wp\/v2\/pages\/6147\/revisions\/6243"}],"wp:attachment":[{"href":"https:\/\/www.nsonic.de\/blog\/wp-json\/wp\/v2\/media?parent=6147"}],"curies":[{"name":"wp","href":"https:\/\/api.w.org\/{rel}","templated":true}]}}