{"id":1446,"date":"2009-01-23T20:01:05","date_gmt":"2009-01-23T19:01:05","guid":{"rendered":"http:\/\/www.nsonic.de\/blog\/?page_id=1446"},"modified":"2012-04-29T20:07:14","modified_gmt":"2012-04-29T18:07:14","slug":"bestprice-iphone","status":"publish","type":"page","link":"https:\/\/www.nsonic.de\/blog\/software\/bestprice-iphone\/","title":{"rendered":"BestPrice iPhone"},"content":{"rendered":"<div class=\"img_shadow_left\"><img loading=\"lazy\" class=\"alignnone size-full wp-image-1448\" title=\"BestPrice Icon\" src=\"https:\/\/www.nsonic.de\/blog\/wp-content\/uploads\/2009\/01\/bestprice100.jpg\" alt=\"\" width=\"100\" height=\"100\" srcset=\"https:\/\/www.nsonic.de\/blog\/wp-content\/uploads\/2009\/01\/bestprice100.jpg 100w, https:\/\/www.nsonic.de\/blog\/wp-content\/uploads\/2009\/01\/bestprice100-75x75.jpg 75w\" sizes=\"(max-width: 100px) 100vw, 100px\" \/><\/div>\n<p><strong>BestPrice Version 1.0<\/strong> f\u00fcr iPhone und iPod Touch<br \/>\nPraktisches Werkzeug zum ermitteln des g\u00fcnstigsten Produktpreises bei \u00e4hnlichen Produkten die verschiedenen Mengen oder Paketgr\u00f6\u00dfen angeboten werden.<br \/>\nSprachen: Deutsch \/ Englisch<\/p>\n<p><strong>Download<\/strong><br \/>\nBestPrice f\u00fcr iPhone und iPod Touch ist <a href=\"http:\/\/itunes.apple.com\/WebObjects\/MZStore.woa\/wa\/viewSoftware?id=301346771&amp;mt=8\" target=\"_blank\">im iTunes Store verf\u00fcgbar<\/a><\/p>\n<p><em><strong>For the english readers:<\/strong> i&#8217;m sorry, this website currently is in german only. But the Application is translated and you can contact me in english too.<\/em><\/p>\n<div class=\"img_shadow_right\"><a href=\"https:\/\/www.nsonic.de\/blog\/wp-content\/uploads\/2009\/01\/screenshot_1.jpg\"><img loading=\"lazy\" class=\"alignnone size-medium wp-image-1447\" title=\"BestPrice ScreenShot 1\" src=\"https:\/\/www.nsonic.de\/blog\/wp-content\/uploads\/2009\/01\/screenshot_1-200x300.jpg\" alt=\"\" width=\"200\" height=\"300\" srcset=\"https:\/\/www.nsonic.de\/blog\/wp-content\/uploads\/2009\/01\/screenshot_1-200x300.jpg 200w, https:\/\/www.nsonic.de\/blog\/wp-content\/uploads\/2009\/01\/screenshot_1.jpg 320w\" sizes=\"(max-width: 200px) 100vw, 200px\" \/><\/a><\/div>\n<p>Welcher Quark ist g\u00fcnstiger? 250g zu \u20ac0,46 oder 200g zu \u20ac0,39?<\/p>\n<p>Laut Gesetz sollte das einfach heraus zu finden sein auch wenn man nicht gut im Kopfrechnen ist &#8211; es sollte n\u00e4mlich \u00fcberall der Preis f\u00fcr eine einheitliche Gr\u00f6\u00dfe, z.B. f\u00fcr 100g angegeben sein. In der Realit\u00e4t ist das aber nicht immer so oder nicht immer leicht zu finden.<\/p>\n<p>Mit BestPrice findet man es jetzt schnell selbst heraus. Das funktioniert f\u00fcr Quark, Butter, Fleisch, Festplatten, Getr\u00e4nke und alles andere solange man bei jedem Eintrag dieselbe Einheit w\u00e4hlt. Die Anwendung rechnet keine Einheiten um!<br \/>\nEinzelne Eintr\u00e4ge lassen sich l\u00f6schen (Finger von links nach rechts ziehen) wie auch die ganze Liste (M\u00fclleimer links oben)<\/p>\n<p>Mit BestPrice lasst Ihr Euch nicht mehr \u00fcber Tisch ziehen bei einem vermeintlichem Sonderangebot <span class=\"wp-smiley emoji emoji-smile\" title=\":)\">smile<\/span> <br \/>\nViel Spa\u00df beim Preise vergleichen.<\/p>\n","protected":false},"excerpt":{"rendered":"<p>BestPrice Version 1.0 f\u00fcr iPhone und iPod Touch Praktisches Werkzeug zum ermitteln des g\u00fcnstigsten Produktpreises bei \u00e4hnlichen Produkten die verschiedenen Mengen oder Paketgr\u00f6\u00dfen&hellip;<\/p>\n","protected":false},"author":2,"featured_media":0,"parent":436,"menu_order":0,"comment_status":"open","ping_status":"open","template":"","meta":{"spay_email":""},"jetpack_shortlink":"https:\/\/wp.me\/P71Tml-nk","_links":{"self":[{"href":"https:\/\/www.nsonic.de\/blog\/wp-json\/wp\/v2\/pages\/1446"}],"collection":[{"href":"https:\/\/www.nsonic.de\/blog\/wp-json\/wp\/v2\/pages"}],"about":[{"href":"https:\/\/www.nsonic.de\/blog\/wp-json\/wp\/v2\/types\/page"}],"author":[{"embeddable":true,"href":"https:\/\/www.nsonic.de\/blog\/wp-json\/wp\/v2\/users\/2"}],"replies":[{"embeddable":true,"href":"https:\/\/www.nsonic.de\/blog\/wp-json\/wp\/v2\/comments?post=1446"}],"version-history":[{"count":2,"href":"https:\/\/www.nsonic.de\/blog\/wp-json\/wp\/v2\/pages\/1446\/revisions"}],"predecessor-version":[{"id":3188,"href":"https:\/\/www.nsonic.de\/blog\/wp-json\/wp\/v2\/pages\/1446\/revisions\/3188"}],"up":[{"embeddable":true,"href":"https:\/\/www.nsonic.de\/blog\/wp-json\/wp\/v2\/pages\/436"}],"wp:attachment":[{"href":"https:\/\/www.nsonic.de\/blog\/wp-json\/wp\/v2\/media?parent=1446"}],"curies":[{"name":"wp","href":"https:\/\/api.w.org\/{rel}","templated":true}]}}