{"id":1185,"date":"2008-01-27T14:52:33","date_gmt":"2008-01-27T13:52:33","guid":{"rendered":"http:\/\/www.nsonic.de\/blog\/foto-audio-training\/training\/"},"modified":"2013-09-23T18:25:29","modified_gmt":"2013-09-23T16:25:29","slug":"training","status":"publish","type":"page","link":"https:\/\/www.nsonic.de\/blog\/foto-audio-training\/training\/","title":{"rendered":"Training"},"content":{"rendered":"<p>[col_start][one_half]<\/p>\n<h2>Sie suchen einen Fotografen<\/h2>\n<p><strong>Sie planen ein Reitturnier oder eine andere Veranstaltung<\/strong>\u00a0und suchen noch einen Fotografen? Ich freue mich darauf, die Stimmung einzufangen und Ihnen eindrucksvolle Erinnerungen zu liefern. Nehmen Sie\u00a0<a title=\"Kontakt\" href=\"https:\/\/www.nsonic.de\/blog\/kontakt\/\">Kontakt zu mir<\/a>\u00a0auf, dann besprechen wir die Einzelheiten.<\/p>\n<p><strong>Sie m\u00f6chten ein paar tolle Portraits von Ihnen, Ihrem Pferd und\/oder \u00a0Hund und von Ihnen allen zusammen?<\/strong>\u00a0Gerne komme ich bei Ihnen vorbei, finde gemeinsam mit Ihnen eine gute Location und fange in einem lockeren Foto-Shooting die tollsten Momente ein. Beispiele, die zeigen wie solche Bilder aussehen k\u00f6nnen,\u00a0<a href=\"http:\/\/nsonic.fotograf.de\/\" target=\"_blank\">finden Sie hier<\/a>. Nehmen Sie einfach\u00a0<a title=\"Kontakt\" href=\"https:\/\/www.nsonic.de\/blog\/kontakt\/\">Kontakt zu mir<\/a>\u00a0auf und wir kl\u00e4ren die Details.<\/p>\n<p>[\/one_half][one_half_last]<\/p>\n<h2>Individuelle Foto-Workshops<\/h2>\n<p>Sie k\u00f6nnen mich f\u00fcr <strong>individuelle Foto-Workshops<\/strong> f\u00fcr kleinere Gruppen mit speziellen Themenschwerpunkten buchen, zum Beispiel:<\/p>\n<ul>\n<li>Einsteiger-Workshop f\u00fcr die Grundlagen der Fotografie<\/li>\n<li>Sehen und nutzen von verf\u00fcgbarem Licht<\/li>\n<li>Die Fotografie mit Systemblitzen<\/li>\n<\/ul>\n<div>Ob als Vortrag f\u00fcr Ihr Publikum, als Hands-On-Workshop f\u00fcr kleinere Gruppen oder als Einzeltraining f\u00fcr Sie ganz pers\u00f6nlich.\u00a0<a title=\"Kontakt\" href=\"https:\/\/www.nsonic.de\/blog\/kontakt\/\">Sprechen Sie mit mir<\/a>\u00a0und lassen Sie uns gemeinsam ein passendes Programm zu Ihren W\u00fcnschen ausarbeiten.<\/div>\n<div>[\/one_half_last]<\/div>\n<p>&nbsp;<\/p>\n","protected":false},"excerpt":{"rendered":"<p>[col_start][one_half] Sie suchen einen Fotografen Sie planen ein Reitturnier oder eine andere Veranstaltung\u00a0und suchen noch einen Fotografen? Ich freue mich darauf, die Stimmung&hellip;<\/p>\n","protected":false},"author":2,"featured_media":0,"parent":846,"menu_order":3,"comment_status":"closed","ping_status":"closed","template":"fullwidth-page.php","meta":{"spay_email":""},"jetpack_shortlink":"https:\/\/wp.me\/P71Tml-j7","_links":{"self":[{"href":"https:\/\/www.nsonic.de\/blog\/wp-json\/wp\/v2\/pages\/1185"}],"collection":[{"href":"https:\/\/www.nsonic.de\/blog\/wp-json\/wp\/v2\/pages"}],"about":[{"href":"https:\/\/www.nsonic.de\/blog\/wp-json\/wp\/v2\/types\/page"}],"author":[{"embeddable":true,"href":"https:\/\/www.nsonic.de\/blog\/wp-json\/wp\/v2\/users\/2"}],"replies":[{"embeddable":true,"href":"https:\/\/www.nsonic.de\/blog\/wp-json\/wp\/v2\/comments?post=1185"}],"version-history":[{"count":6,"href":"https:\/\/www.nsonic.de\/blog\/wp-json\/wp\/v2\/pages\/1185\/revisions"}],"predecessor-version":[{"id":5262,"href":"https:\/\/www.nsonic.de\/blog\/wp-json\/wp\/v2\/pages\/1185\/revisions\/5262"}],"up":[{"embeddable":true,"href":"https:\/\/www.nsonic.de\/blog\/wp-json\/wp\/v2\/pages\/846"}],"wp:attachment":[{"href":"https:\/\/www.nsonic.de\/blog\/wp-json\/wp\/v2\/media?parent=1185"}],"curies":[{"name":"wp","href":"https:\/\/api.w.org\/{rel}","templated":true}]}}